{"id":6924,"date":"2023-04-23T18:00:08","date_gmt":"2023-04-23T16:00:08","guid":{"rendered":"https:\/\/unisolution-gmbh.de\/?page_id=6924"},"modified":"2023-05-27T11:40:54","modified_gmt":"2023-05-27T09:40:54","slug":"zertifizierung","status":"publish","type":"page","link":"https:\/\/unisolution-gmbh.de\/en\/zertifizierung\/","title":{"rendered":"Certificates"},"content":{"rendered":"<div data-elementor-type=\"wp-page\" data-elementor-id=\"6924\" class=\"elementor elementor-6924\">\n\t\t\t\t\t\t<section class=\"elementor-section elementor-top-section elementor-element elementor-element-24ba8b1 elementor-section-boxed elementor-section-height-default elementor-section-height-default qodef-elementor-content-no\" data-id=\"24ba8b1\" data-element_type=\"section\">\n\t\t\t\t\t\t<div class=\"elementor-container elementor-column-gap-default\">\n\t\t\t\t\t<div class=\"elementor-column elementor-col-100 elementor-top-column elementor-element elementor-element-84625f1\" data-id=\"84625f1\" data-element_type=\"column\">\n\t\t\t<div class=\"elementor-widget-wrap elementor-element-populated\">\n\t\t\t\t\t\t<div class=\"elementor-element elementor-element-b02ebe1 elementor-widget elementor-widget-qi_addons_for_elementor_section_title\" data-id=\"b02ebe1\" data-element_type=\"widget\" data-widget_type=\"qi_addons_for_elementor_section_title.default\">\n\t\t\t\t<div class=\"elementor-widget-container\">\n\t\t\t<div class=\"qodef-shortcode qodef-m  qodef-qi-section-title  qodef-decoration--italic  qodef-link--underline-draw qodef-subtitle-icon--left\">\n\t\t\t\t\t\t\t\t<div class=\"qodef-m-text\"><p>\u00a0<\/p><p>For Unisolution an unequalled level of service-quality to our customers and all other partners has highest priority. A sophisticated quality management-system supports all of Unisolutions activities.<br \/><br \/>Unisolution recognizes thereby its responsibilities towards the environment and seeks to minimize its ecological footprint on the world. In addition to the fulfilment of all legal responsibilities Unisolution focuses for example on minimizing its energy consumption and on optimizing necessary shipments.<br \/><br \/>In order to document our high demand for service quality versus all our customers, suppliers and all other partners we have certified our quality management-system and our environmental efforts through an audit by T\u00dcV S\u00fcd.<\/p><\/div>\n\t<\/div>\n\t\t<\/div>\n\t\t\t\t<\/div>\n\t\t\t\t<div class=\"elementor-element elementor-element-5e1a3e8 elementor-widget elementor-widget-image\" data-id=\"5e1a3e8\" data-element_type=\"widget\" data-widget_type=\"image.default\">\n\t\t\t\t<div class=\"elementor-widget-container\">\n\t\t\t\t\t\t\t\t\t\t\t\t\t<img fetchpriority=\"high\" decoding=\"async\" width=\"768\" height=\"1086\" src=\"https:\/\/unisolution-gmbh.de\/wp-content\/uploads\/2023\/04\/63954msCOMBI_91_141_en-1.jpg\" class=\"attachment-medium_large size-medium_large wp-image-6933\" alt=\"\" srcset=\"https:\/\/unisolution-gmbh.de\/wp-content\/uploads\/2023\/04\/63954msCOMBI_91_141_en-1.jpg 1654w, https:\/\/unisolution-gmbh.de\/wp-content\/uploads\/2023\/04\/63954msCOMBI_91_141_en-1-212x300.jpg 212w, https:\/\/unisolution-gmbh.de\/wp-content\/uploads\/2023\/04\/63954msCOMBI_91_141_en-1-724x1024.jpg 724w, https:\/\/unisolution-gmbh.de\/wp-content\/uploads\/2023\/04\/63954msCOMBI_91_141_en-1-768x1086.jpg 768w, https:\/\/unisolution-gmbh.de\/wp-content\/uploads\/2023\/04\/63954msCOMBI_91_141_en-1-1086x1536.jpg 1086w, https:\/\/unisolution-gmbh.de\/wp-content\/uploads\/2023\/04\/63954msCOMBI_91_141_en-1-1448x2048.jpg 1448w, https:\/\/unisolution-gmbh.de\/wp-content\/uploads\/2023\/04\/63954msCOMBI_91_141_en-1-8x12.jpg 8w\" sizes=\"(max-width: 768px) 100vw, 768px\" \/>\t\t\t\t\t\t\t\t\t\t\t\t\t<\/div>\n\t\t\t\t<\/div>\n\t\t\t\t\t<\/div>\n\t\t<\/div>\n\t\t\t\t\t<\/div>\n\t\t<\/section>\n\t\t\t\t<\/div>","protected":false},"excerpt":{"rendered":"<p>\u00a0 F\u00fcr Unisolution hat eine hervorragende Servicequalit\u00e4t allen Partnern gegen\u00fcber h\u00f6chste Priorit\u00e4t. Ein ausgefeiltes Qualit\u00e4tsmanagement-System unterst\u00fctzt und begleitet alle Aktivit\u00e4ten der Unisolution. Unisolution \u00fcbernimmt ebenso Verantwortung f\u00fcr die Umwelt und ist bestrebt, den \u00f6kologischen Fu\u00dfabdruck zu minimieren. Zus\u00e4tzlich zu der Beachtung aller relevanten gesetzlichen Bestimmungen ist Unisolution z.B. bestrebt, ihren Energiekonsum zu minimieren und die [&hellip;]<\/p>","protected":false},"author":3,"featured_media":0,"parent":0,"menu_order":0,"comment_status":"closed","ping_status":"closed","template":"","meta":{"footnotes":""},"class_list":["post-6924","page","type-page","status-publish","hentry"],"_links":{"self":[{"href":"https:\/\/unisolution-gmbh.de\/en\/wp-json\/wp\/v2\/pages\/6924"}],"collection":[{"href":"https:\/\/unisolution-gmbh.de\/en\/wp-json\/wp\/v2\/pages"}],"about":[{"href":"https:\/\/unisolution-gmbh.de\/en\/wp-json\/wp\/v2\/types\/page"}],"author":[{"embeddable":true,"href":"https:\/\/unisolution-gmbh.de\/en\/wp-json\/wp\/v2\/users\/3"}],"replies":[{"embeddable":true,"href":"https:\/\/unisolution-gmbh.de\/en\/wp-json\/wp\/v2\/comments?post=6924"}],"version-history":[{"count":56,"href":"https:\/\/unisolution-gmbh.de\/en\/wp-json\/wp\/v2\/pages\/6924\/revisions"}],"predecessor-version":[{"id":7034,"href":"https:\/\/unisolution-gmbh.de\/en\/wp-json\/wp\/v2\/pages\/6924\/revisions\/7034"}],"wp:attachment":[{"href":"https:\/\/unisolution-gmbh.de\/en\/wp-json\/wp\/v2\/media?parent=6924"}],"curies":[{"name":"wp","href":"https:\/\/api.w.org\/{rel}","templated":true}]}}